{"id":9,"date":"2026-02-21T12:37:21","date_gmt":"2026-02-21T11:37:21","guid":{"rendered":"https:\/\/neowall.pl\/?page_id=9"},"modified":"2026-03-09T10:13:03","modified_gmt":"2026-03-09T09:13:03","slug":"strona-glowna","status":"publish","type":"page","link":"https:\/\/neowall.pl\/","title":{"rendered":"Wydziel przestrze\u0144 w kilka dni \u2014 bez remontu i bez przestoju produkcji"},"content":{"rendered":"\n<blockquote class=\"wp-block-quote is-layout-flow wp-block-quote-is-layout-flow\">\n<p>NeoWall to przemys\u0142owy system \u015bcianek modu\u0142owych zaprojektowany do szybkiego wydzielania stanowisk pracy, pomieszcze\u0144 technicznych i stref funkcjonalnych w halach, magazynach oraz biurach.<\/p>\n<\/blockquote>\n\n\n\n<p>\u2714 Monta\u017c bez prac mokrych<br>\u2714 Mo\u017cliwo\u015b\u0107 rozbudowy i przeniesienia<br>\u2714 Trwa\u0142o\u015b\u0107 przemys\u0142owa<\/p>\n\n\n\n<div class=\"wp-block-buttons is-layout-flex wp-block-buttons-is-layout-flex\">\n<div class=\"wp-block-button\"><a class=\"wp-block-button__link wp-element-button\" href=\"https:\/\/neowall.pl\/?page_id=11\"><strong>\ud83d\udd35 <strong>Otrzymaj wycen\u0119 w 24h<\/strong><\/strong><\/a><\/div>\n<\/div>\n\n\n\n<div class=\"wp-block-buttons is-layout-flex wp-block-buttons-is-layout-flex\">\n<div class=\"wp-block-button\"><a class=\"wp-block-button__link wp-element-button\" href=\"https:\/\/neowall.pl\/?page_id=57\">\u26aa Zobacz zastosowania<\/a><\/div>\n<\/div>\n\n\n\n<p><\/p>\n","protected":false},"excerpt":{"rendered":"<p>NeoWall to przemys\u0142owy system \u015bcianek modu\u0142owych zaprojektowany do szybkiego wydzielania stanowisk pracy, pomieszcze\u0144 technicznych i stref funkcjonalnych w halach, magazynach oraz biurach. \u2714 Monta\u017c bez prac mokrych\u2714 Mo\u017cliwo\u015b\u0107 rozbudowy i przeniesienia\u2714 Trwa\u0142o\u015b\u0107 przemys\u0142owa<\/p>\n","protected":false},"author":1,"featured_media":30,"parent":0,"menu_order":0,"comment_status":"closed","ping_status":"closed","template":"","meta":{"footnotes":""},"class_list":["post-9","page","type-page","status-publish","has-post-thumbnail","hentry"],"_links":{"self":[{"href":"https:\/\/neowall.pl\/index.php?rest_route=\/wp\/v2\/pages\/9","targetHints":{"allow":["GET"]}}],"collection":[{"href":"https:\/\/neowall.pl\/index.php?rest_route=\/wp\/v2\/pages"}],"about":[{"href":"https:\/\/neowall.pl\/index.php?rest_route=\/wp\/v2\/types\/page"}],"author":[{"embeddable":true,"href":"https:\/\/neowall.pl\/index.php?rest_route=\/wp\/v2\/users\/1"}],"replies":[{"embeddable":true,"href":"https:\/\/neowall.pl\/index.php?rest_route=%2Fwp%2Fv2%2Fcomments&post=9"}],"version-history":[{"count":6,"href":"https:\/\/neowall.pl\/index.php?rest_route=\/wp\/v2\/pages\/9\/revisions"}],"predecessor-version":[{"id":180,"href":"https:\/\/neowall.pl\/index.php?rest_route=\/wp\/v2\/pages\/9\/revisions\/180"}],"wp:featuredmedia":[{"embeddable":true,"href":"https:\/\/neowall.pl\/index.php?rest_route=\/wp\/v2\/media\/30"}],"wp:attachment":[{"href":"https:\/\/neowall.pl\/index.php?rest_route=%2Fwp%2Fv2%2Fmedia&parent=9"}],"curies":[{"name":"wp","href":"https:\/\/api.w.org\/{rel}","templated":true}]}}