{"id":85,"date":"2026-02-24T22:48:47","date_gmt":"2026-02-24T21:48:47","guid":{"rendered":"https:\/\/neowall.pl\/?page_id=85"},"modified":"2026-03-09T10:37:46","modified_gmt":"2026-03-09T09:37:46","slug":"sciany-i-drzwi-modulowe","status":"publish","type":"page","link":"https:\/\/neowall.pl\/?page_id=85","title":{"rendered":"\u015acianki modu\u0142owe do hal i magazyn\u00f3w \u2014 wype\u0142nienia pe\u0142ne i przeszklone"},"content":{"rendered":"\n<h2 class=\"wp-block-heading\">NeoWall to system \u015bcianek dzia\u0142owych, kt\u00f3ry pozwala wydziela\u0107 strefy pracy bez murowania i bez d\u0142ugich przestoj\u00f3w. Konfigurujesz uk\u0142ad, wysoko\u015b\u0107, drzwi oraz rodzaj wype\u0142nie\u0144: PVC, przeszklenia z poliw\u0119glanu litego lub wariant mieszany. Gdy procesy w firmie si\u0119 zmieniaj\u0105 \u2014 uk\u0142ad \u015bcianek mo\u017cna dopasowa\u0107 do nowej organizacji.<\/h2>\n\n\n\n<h2 class=\"wp-block-heading\"><strong>Warianty wype\u0142nie\u0144<\/strong><\/h2>\n\n\n\n<div style=\"height:44px\" aria-hidden=\"true\" class=\"wp-block-spacer\"><\/div>\n\n\n\n<div class=\"wp-block-columns are-vertically-aligned-top is-layout-flex wp-container-core-columns-is-layout-9d6595d7 wp-block-columns-is-layout-flex\">\n<div class=\"wp-block-column is-layout-flow wp-block-column-is-layout-flow\">\n<div class=\"wp-block-group\"><div class=\"wp-block-group__inner-container is-layout-flow wp-block-group-is-layout-flow\"><div class=\"wp-block-image is-style-default\">\n<figure class=\"aligncenter size-large\"><img loading=\"lazy\" decoding=\"async\" width=\"819\" height=\"1024\" src=\"https:\/\/neowall.pl\/wp-content\/uploads\/2026\/03\/gemini-3-pro-image-preview-2k_a_zrob_zdjecie_produkt-e1772440488713-819x1024.png\" alt=\"\" class=\"wp-image-148\" srcset=\"https:\/\/neowall.pl\/wp-content\/uploads\/2026\/03\/gemini-3-pro-image-preview-2k_a_zrob_zdjecie_produkt-e1772440488713-819x1024.png 819w, https:\/\/neowall.pl\/wp-content\/uploads\/2026\/03\/gemini-3-pro-image-preview-2k_a_zrob_zdjecie_produkt-e1772440488713-240x300.png 240w, https:\/\/neowall.pl\/wp-content\/uploads\/2026\/03\/gemini-3-pro-image-preview-2k_a_zrob_zdjecie_produkt-e1772440488713-768x960.png 768w, https:\/\/neowall.pl\/wp-content\/uploads\/2026\/03\/gemini-3-pro-image-preview-2k_a_zrob_zdjecie_produkt-e1772440488713.png 1200w\" sizes=\"auto, (max-width: 767px) 89vw, (max-width: 1000px) 54vw, (max-width: 1071px) 543px, 580px\" \/><\/figure>\n<\/div>\n\n\n<h3 class=\"wp-block-heading has-text-align-left has-black-color has-text-color\" style=\"font-size:30px\">Wype\u0142nienie PVC<\/h3>\n\n\n\n<p><strong>Odporno\u015b\u0107 na wilgo\u0107<\/strong><\/p>\n\n\n\n<p><strong>Wytrzyma\u0142o\u015b\u0107 i odporno\u015b\u0107 na uszkodzenia<\/strong><\/p>\n\n\n\n<p><strong>Odporno\u015b\u0107 na \u015brodki chemiczne<\/strong><\/p>\n<\/div><\/div>\n<\/div>\n\n\n\n<div class=\"wp-block-column is-layout-flow wp-block-column-is-layout-flow\">\n<div class=\"wp-block-group\"><div class=\"wp-block-group__inner-container is-layout-flow wp-block-group-is-layout-flow\"><div class=\"wp-block-image is-style-default\">\n<figure class=\"aligncenter size-large\"><img loading=\"lazy\" decoding=\"async\" width=\"819\" height=\"1024\" src=\"https:\/\/neowall.pl\/wp-content\/uploads\/2026\/03\/gemini-3-pro-image-preview-2k_a_super_teraz_to_zdje1-e1772440599623-819x1024.png\" alt=\"\" class=\"wp-image-149\" srcset=\"https:\/\/neowall.pl\/wp-content\/uploads\/2026\/03\/gemini-3-pro-image-preview-2k_a_super_teraz_to_zdje1-e1772440599623-819x1024.png 819w, https:\/\/neowall.pl\/wp-content\/uploads\/2026\/03\/gemini-3-pro-image-preview-2k_a_super_teraz_to_zdje1-e1772440599623-240x300.png 240w, https:\/\/neowall.pl\/wp-content\/uploads\/2026\/03\/gemini-3-pro-image-preview-2k_a_super_teraz_to_zdje1-e1772440599623-768x960.png 768w, https:\/\/neowall.pl\/wp-content\/uploads\/2026\/03\/gemini-3-pro-image-preview-2k_a_super_teraz_to_zdje1-e1772440599623.png 1200w\" sizes=\"auto, (max-width: 767px) 89vw, (max-width: 1000px) 54vw, (max-width: 1071px) 543px, 580px\" \/><\/figure>\n<\/div>\n\n\n<h3 class=\"wp-block-heading has-text-align-left has-black-color has-text-color\" style=\"font-size:30px\">Wype\u0142nienie Poliw\u0119glan lity<\/h3>\n\n\n\n<p><strong>Du\u017ca wytrzyma\u0142o\u015b\u0107 na uderzenia<\/strong><\/p>\n\n\n\n<p><strong>Wysoka przejrzysto\u015b\u0107<\/strong><\/p>\n\n\n\n<p><strong>Odporno\u015b\u0107 na warunki atmosferyczne<\/strong><\/p>\n<\/div><\/div>\n<\/div>\n\n\n\n<div class=\"wp-block-column is-layout-flow wp-block-column-is-layout-flow\">\n<div class=\"wp-block-group\"><div class=\"wp-block-group__inner-container is-layout-flow wp-block-group-is-layout-flow\"><div class=\"wp-block-image is-style-default\">\n<figure class=\"aligncenter size-large\"><img loading=\"lazy\" decoding=\"async\" width=\"819\" height=\"1024\" src=\"https:\/\/neowall.pl\/wp-content\/uploads\/2026\/03\/gemini-3-pro-image-preview-2k_a_teraz_pol_na_pol_go-e1772440949426-819x1024.png\" alt=\"\" class=\"wp-image-150\" srcset=\"https:\/\/neowall.pl\/wp-content\/uploads\/2026\/03\/gemini-3-pro-image-preview-2k_a_teraz_pol_na_pol_go-e1772440949426-819x1024.png 819w, https:\/\/neowall.pl\/wp-content\/uploads\/2026\/03\/gemini-3-pro-image-preview-2k_a_teraz_pol_na_pol_go-e1772440949426-240x300.png 240w, https:\/\/neowall.pl\/wp-content\/uploads\/2026\/03\/gemini-3-pro-image-preview-2k_a_teraz_pol_na_pol_go-e1772440949426-768x960.png 768w, https:\/\/neowall.pl\/wp-content\/uploads\/2026\/03\/gemini-3-pro-image-preview-2k_a_teraz_pol_na_pol_go-e1772440949426.png 1200w\" sizes=\"auto, (max-width: 767px) 89vw, (max-width: 1000px) 54vw, (max-width: 1071px) 543px, 580px\" \/><\/figure>\n<\/div>\n\n\n<h3 class=\"wp-block-heading has-text-align-left has-black-color has-text-color\" style=\"font-size:30px\">Wype\u0142nienie Poliw\u0119glan +PCV<\/h3>\n<\/div><\/div>\n\n\n\n<p><strong>Po\u0142\u0105czenie idealne dla biur na hali<\/strong><\/p>\n\n\n\n<p><strong>przepuszcza wi\u0119cej \u015bwiat\u0142a do wydzielonych stref<\/strong><\/p>\n<\/div>\n<\/div>\n\n\n\n<div style=\"height:49px\" aria-hidden=\"true\" class=\"wp-block-spacer\"><\/div>\n\n\n\n<h1 class=\"wp-block-heading\"><strong><strong>Drzwi w \u015bciankach<\/strong><\/strong><\/h1>\n\n\n\n<div style=\"height:44px\" aria-hidden=\"true\" class=\"wp-block-spacer\"><\/div>\n\n\n\n<div class=\"wp-block-columns is-layout-flex wp-container-core-columns-is-layout-9d6595d7 wp-block-columns-is-layout-flex\">\n<div class=\"wp-block-column is-vertically-aligned-center is-layout-flow wp-block-column-is-layout-flow\" style=\"flex-basis:33.33%\">\n<ul class=\"wp-block-list\">\n<li><strong>Dopasowanie pod obieg ludzi i w\u00f3zk\u00f3w<\/strong><\/li>\n\n\n\n<li><strong>Drzwi jednoskrzyd\u0142owe do 120cm, w standarcie zamek oraz klamka,<\/strong><\/li>\n\n\n\n<li><strong>dodatkowo opcje przeszkle\u0144<\/strong><\/li>\n<\/ul>\n<\/div>\n\n\n\n<div class=\"wp-block-column is-layout-flow wp-block-column-is-layout-flow\" style=\"flex-basis:66.66%\">\n<figure class=\"wp-block-image size-large\"><img loading=\"lazy\" decoding=\"async\" width=\"1024\" height=\"615\" src=\"https:\/\/neowall.pl\/wp-content\/uploads\/2026\/02\/cropped-ChatGPT-Image-20-lut-2026-22_51_25-1-1024x615.png\" alt=\"\" class=\"wp-image-69\" srcset=\"https:\/\/neowall.pl\/wp-content\/uploads\/2026\/02\/cropped-ChatGPT-Image-20-lut-2026-22_51_25-1-1024x615.png 1024w, https:\/\/neowall.pl\/wp-content\/uploads\/2026\/02\/cropped-ChatGPT-Image-20-lut-2026-22_51_25-1-300x180.png 300w, https:\/\/neowall.pl\/wp-content\/uploads\/2026\/02\/cropped-ChatGPT-Image-20-lut-2026-22_51_25-1-768x461.png 768w, https:\/\/neowall.pl\/wp-content\/uploads\/2026\/02\/cropped-ChatGPT-Image-20-lut-2026-22_51_25-1-1536x922.png 1536w, https:\/\/neowall.pl\/wp-content\/uploads\/2026\/02\/cropped-ChatGPT-Image-20-lut-2026-22_51_25-1.png 2000w\" sizes=\"auto, (max-width: 767px) 89vw, (max-width: 1000px) 54vw, (max-width: 1071px) 543px, 580px\" \/><\/figure>\n<\/div>\n<\/div>\n\n\n\n<h1 class=\"wp-block-heading\"><strong><strong><strong>Zalety materia\u0142\u00f3w<\/strong><\/strong><\/strong><\/h1>\n\n\n\n<p><\/p>\n\n\n\n<div style=\"height:100px\" aria-hidden=\"true\" class=\"wp-block-spacer\"><\/div>\n\n\n\n<div class=\"wp-block-columns is-layout-flex wp-container-core-columns-is-layout-9d6595d7 wp-block-columns-is-layout-flex\">\n<div class=\"wp-block-column is-layout-flow wp-block-column-is-layout-flow\">\n<figure class=\"wp-block-image size-large\"><img loading=\"lazy\" decoding=\"async\" width=\"1024\" height=\"819\" src=\"https:\/\/neowall.pl\/wp-content\/uploads\/2026\/03\/poliweglan-lity1-1024x819.webp\" alt=\"\" class=\"wp-image-156\" style=\"aspect-ratio:1.4984828942831216\" srcset=\"https:\/\/neowall.pl\/wp-content\/uploads\/2026\/03\/poliweglan-lity1-1024x819.webp 1024w, https:\/\/neowall.pl\/wp-content\/uploads\/2026\/03\/poliweglan-lity1-300x240.webp 300w, https:\/\/neowall.pl\/wp-content\/uploads\/2026\/03\/poliweglan-lity1-768x614.webp 768w, https:\/\/neowall.pl\/wp-content\/uploads\/2026\/03\/poliweglan-lity1-1536x1229.webp 1536w, https:\/\/neowall.pl\/wp-content\/uploads\/2026\/03\/poliweglan-lity1.webp 2048w\" sizes=\"auto, (max-width: 767px) 89vw, (max-width: 1000px) 54vw, (max-width: 1071px) 543px, 580px\" \/><\/figure>\n\n\n\n<hr class=\"wp-block-separator has-alpha-channel-opacity is-style-wide\"\/>\n\n\n\n<h2 class=\"wp-block-heading has-black-color has-text-color\" style=\"font-size:45px\">PVC<\/h2>\n\n\n\n<ul class=\"wp-block-list has-medium-font-size\">\n<li>odporno\u015b\u0107 na wilgo\u0107 i warunki<\/li>\n\n\n\n<li>dobra izolacyjno\u015b\u0107<\/li>\n\n\n\n<li>Niepalny<\/li>\n<\/ul>\n\n\n\n<p style=\"line-height:3\"><a href=\"http:\/\/www.neopanels.pl\" target=\"_blank\" rel=\"noreferrer noopener\"><strong>Dowiedz sie wi\u0119cej na NeoPanels.pl<\/strong><\/a><\/p>\n<\/div>\n\n\n\n<div class=\"wp-block-column is-layout-flow wp-block-column-is-layout-flow\">\n<h2 class=\"wp-block-heading has-black-color has-text-color\" style=\"font-size:45px\">Poliw\u0119glan lity<\/h2>\n\n\n\n<ul class=\"wp-block-list\">\n<li class=\"has-medium-font-size\">wysoka transparentno\u015b\u0107<\/li>\n\n\n\n<li class=\"has-medium-font-size\"> odporno\u015b\u0107 na uderzenia<\/li>\n\n\n\n<li class=\"has-medium-font-size\">szeroki zakres temperatur pracy<\/li>\n<\/ul>\n\n\n\n<p style=\"line-height:3.0\"><a href=\"http:\/\/neopanels.pl\" data-type=\"link\" data-id=\"neopanels.pl\"><strong>Dowiedz si\u0119 wi\u0119cej na NeoPanels.pl<\/strong><\/a><\/p>\n\n\n\n<hr class=\"wp-block-separator has-alpha-channel-opacity is-style-wide\"\/>\n\n\n\n<figure class=\"wp-block-image size-large\"><img loading=\"lazy\" decoding=\"async\" width=\"1024\" height=\"573\" src=\"https:\/\/neowall.pl\/wp-content\/uploads\/2026\/03\/PVC-light-spienione-1024x573.png\" alt=\"\" class=\"wp-image-157\" srcset=\"https:\/\/neowall.pl\/wp-content\/uploads\/2026\/03\/PVC-light-spienione-1024x573.png 1024w, https:\/\/neowall.pl\/wp-content\/uploads\/2026\/03\/PVC-light-spienione-300x168.png 300w, https:\/\/neowall.pl\/wp-content\/uploads\/2026\/03\/PVC-light-spienione-768x430.png 768w, https:\/\/neowall.pl\/wp-content\/uploads\/2026\/03\/PVC-light-spienione-1536x860.png 1536w, https:\/\/neowall.pl\/wp-content\/uploads\/2026\/03\/PVC-light-spienione-2048x1147.png 2048w\" sizes=\"auto, (max-width: 767px) 89vw, (max-width: 1000px) 54vw, (max-width: 1071px) 543px, 580px\" \/><\/figure>\n<\/div>\n<\/div>\n\n\n\n<p><\/p>\n","protected":false},"excerpt":{"rendered":"<p>NeoWall to system \u015bcianek dzia\u0142owych, kt\u00f3ry pozwala wydziela\u0107 strefy pracy bez murowania i bez d\u0142ugich przestoj\u00f3w. Konfigurujesz uk\u0142ad, wysoko\u015b\u0107, drzwi oraz rodzaj wype\u0142nie\u0144: PVC, przeszklenia z poliw\u0119glanu litego lub wariant mieszany. Gdy procesy w firmie si\u0119 zmieniaj\u0105 \u2014 uk\u0142ad \u015bcianek mo\u017cna dopasowa\u0107 do nowej organizacji. Warianty wype\u0142nie\u0144 Wype\u0142nienie PVC Odporno\u015b\u0107 na wilgo\u0107 Wytrzyma\u0142o\u015b\u0107 i odporno\u015b\u0107 &hellip; <\/p>\n<p class=\"link-more\"><a href=\"https:\/\/neowall.pl\/?page_id=85\" class=\"more-link\">Continue reading<span class=\"screen-reader-text\"> &#8220;\u015acianki modu\u0142owe do hal i magazyn\u00f3w \u2014 wype\u0142nienia pe\u0142ne i przeszklone&#8221;<\/span><\/a><\/p>\n","protected":false},"author":1,"featured_media":0,"parent":0,"menu_order":0,"comment_status":"closed","ping_status":"closed","template":"","meta":{"footnotes":""},"class_list":["post-85","page","type-page","status-publish","hentry"],"_links":{"self":[{"href":"https:\/\/neowall.pl\/index.php?rest_route=\/wp\/v2\/pages\/85","targetHints":{"allow":["GET"]}}],"collection":[{"href":"https:\/\/neowall.pl\/index.php?rest_route=\/wp\/v2\/pages"}],"about":[{"href":"https:\/\/neowall.pl\/index.php?rest_route=\/wp\/v2\/types\/page"}],"author":[{"embeddable":true,"href":"https:\/\/neowall.pl\/index.php?rest_route=\/wp\/v2\/users\/1"}],"replies":[{"embeddable":true,"href":"https:\/\/neowall.pl\/index.php?rest_route=%2Fwp%2Fv2%2Fcomments&post=85"}],"version-history":[{"count":12,"href":"https:\/\/neowall.pl\/index.php?rest_route=\/wp\/v2\/pages\/85\/revisions"}],"predecessor-version":[{"id":189,"href":"https:\/\/neowall.pl\/index.php?rest_route=\/wp\/v2\/pages\/85\/revisions\/189"}],"wp:attachment":[{"href":"https:\/\/neowall.pl\/index.php?rest_route=%2Fwp%2Fv2%2Fmedia&parent=85"}],"curies":[{"name":"wp","href":"https:\/\/api.w.org\/{rel}","templated":true}]}}